{"id":8926,"date":"2024-12-04T12:36:24","date_gmt":"2024-12-04T11:36:24","guid":{"rendered":"https:\/\/termicasgranell.com\/contacte\/"},"modified":"2025-08-04T20:03:28","modified_gmt":"2025-08-04T18:03:28","slug":"contacte","status":"publish","type":"page","link":"https:\/\/termicasgranell.com\/vc\/contacte\/","title":{"rendered":"Contacte"},"content":{"rendered":"\t\t<div data-elementor-type=\"wp-page\" data-elementor-id=\"8926\" class=\"elementor elementor-8926 elementor-8413\" data-elementor-post-type=\"page\">\n\t\t\t\t<div class=\"elementor-element elementor-element-ed38a6e e-con-full e-flex elementor-repeater-item-default_padding sk-none elementor-repeater-item-none elementor-repeater-item-none_hover e-con e-parent\" data-id=\"ed38a6e\" data-element_type=\"container\" data-e-type=\"container\" data-settings=\"{&quot;background_background&quot;:&quot;classic&quot;,&quot;ang_container_spacing_size&quot;:&quot;default_padding&quot;}\">\n\t\t<div class=\"elementor-element elementor-element-8bc1d14 e-con-full e-flex elementor-repeater-item-default_padding sk-none elementor-repeater-item-none elementor-repeater-item-none_hover e-con e-child\" data-id=\"8bc1d14\" data-element_type=\"container\" data-e-type=\"container\" data-settings=\"{&quot;background_background&quot;:&quot;classic&quot;,&quot;ang_container_spacing_size&quot;:&quot;default_padding&quot;}\">\n\t\t<div class=\"elementor-element elementor-element-c65c934 e-con-full e-flex elementor-repeater-item-default_padding elementor-repeater-item-none elementor-repeater-item-none_hover e-con e-child\" data-id=\"c65c934\" data-element_type=\"container\" data-e-type=\"container\" data-settings=\"{&quot;ang_container_spacing_size&quot;:&quot;default_padding&quot;}\">\n\t\t<div class=\"elementor-element elementor-element-2047ced e-con-full e-flex elementor-repeater-item-default_padding elementor-repeater-item-none elementor-repeater-item-none_hover e-con e-child\" data-id=\"2047ced\" data-element_type=\"container\" data-e-type=\"container\" data-settings=\"{&quot;ang_container_spacing_size&quot;:&quot;default_padding&quot;}\">\n\t\t\t\t<div class=\"elementor-element elementor-element-62978d0 elementor-repeater-item-none elementor-repeater-item-none_hover elementor-invisible elementor-widget elementor-widget-heading\" data-id=\"62978d0\" data-element_type=\"widget\" data-e-type=\"widget\" data-settings=\"{&quot;_animation&quot;:&quot;fadeInUp&quot;}\" data-widget_type=\"heading.default\">\n\t\t\t\t<div class=\"elementor-widget-container\">\n\t\t\t\t\t<h2 class=\"elementor-heading-title elementor-size-xl\">Necessites ajuda amb la teua caldera? <\/h2>\t\t\t\t<\/div>\n\t\t\t\t<\/div>\n\t\t\t\t<div class=\"elementor-element elementor-element-5f86b23 elementor-repeater-item-none elementor-repeater-item-none_hover elementor-invisible elementor-widget elementor-widget-text-editor\" data-id=\"5f86b23\" data-element_type=\"widget\" data-e-type=\"widget\" data-settings=\"{&quot;_animation&quot;:&quot;fadeInUp&quot;}\" data-widget_type=\"text-editor.default\">\n\t\t\t\t<div class=\"elementor-widget-container\">\n\t\t\t\t\t\t\t\t\t<p>Nom\u00e9s ompli el seg\u00fcent formulari i us contactarem en menys de 24\u202fhores.<\/p>\t\t\t\t\t\t\t\t<\/div>\n\t\t\t\t<\/div>\n\t\t\t\t<div class=\"elementor-element elementor-element-d710afd elementor-button-align-center elementor-repeater-item-none elementor-repeater-item-none_hover elementor-invisible elementor-widget elementor-widget-form\" data-id=\"d710afd\" data-element_type=\"widget\" data-e-type=\"widget\" data-settings=\"{&quot;button_width&quot;:&quot;33&quot;,&quot;step_next_label&quot;:&quot;Seg\\u00fcent&quot;,&quot;step_previous_label&quot;:&quot;Anterior&quot;,&quot;_animation_mobile&quot;:&quot;fadeInUp&quot;,&quot;_animation_tablet&quot;:&quot;fadeInUp&quot;,&quot;_animation&quot;:&quot;fadeInUp&quot;,&quot;step_type&quot;:&quot;number_text&quot;,&quot;step_icon_shape&quot;:&quot;circle&quot;}\" data-widget_type=\"form.default\">\n\t\t\t\t<div class=\"elementor-widget-container\">\n\t\t\t\t\t\t\t<form class=\"elementor-form\" method=\"post\" name=\"Nou formulari\" aria-label=\"Nou formulari\">\n\t\t\t<input type=\"hidden\" name=\"post_id\" value=\"8926\"\/>\n\t\t\t<input type=\"hidden\" name=\"form_id\" value=\"d710afd\"\/>\n\t\t\t<input type=\"hidden\" name=\"referer_title\" value=\"TERMICAS GRANELL SL\" \/>\n\n\t\t\t\n\t\t\t<div class=\"elementor-form-fields-wrapper elementor-labels-above\">\n\t\t\t\t\t\t\t\t<div class=\"elementor-field-type-text elementor-field-group elementor-column elementor-field-group-name elementor-col-50\">\n\t\t\t\t\t\t\t\t\t\t\t\t\t<input size=\"1\" type=\"text\" name=\"form_fields[name]\" id=\"form-field-name\" class=\"elementor-field elementor-size-sm  elementor-field-textual\" placeholder=\"Nom\">\n\t\t\t\t\t\t\t\t\t\t\t<\/div>\n\t\t\t\t\t\t\t\t<div class=\"elementor-field-type-text elementor-field-group elementor-column elementor-field-group-field_321a9c8 elementor-col-50\">\n\t\t\t\t\t\t\t\t\t\t\t\t\t<input size=\"1\" type=\"text\" name=\"form_fields[field_321a9c8]\" id=\"form-field-field_321a9c8\" class=\"elementor-field elementor-size-sm  elementor-field-textual\" placeholder=\"Tel\u00e8fon\">\n\t\t\t\t\t\t\t\t\t\t\t<\/div>\n\t\t\t\t\t\t\t\t<div class=\"elementor-field-type-email elementor-field-group elementor-column elementor-field-group-email elementor-col-100 elementor-field-required\">\n\t\t\t\t\t\t\t\t\t\t\t\t\t<input size=\"1\" type=\"email\" name=\"form_fields[email]\" id=\"form-field-email\" class=\"elementor-field elementor-size-sm  elementor-field-textual\" placeholder=\"Correu electr\u00f2nic\" required=\"required\">\n\t\t\t\t\t\t\t\t\t\t\t<\/div>\n\t\t\t\t\t\t\t\t<div class=\"elementor-field-type-textarea elementor-field-group elementor-column elementor-field-group-message elementor-col-100\">\n\t\t\t\t\t<textarea class=\"elementor-field-textual elementor-field  elementor-size-sm\" name=\"form_fields[message]\" id=\"form-field-message\" rows=\"4\" placeholder=\"Missatge\"><\/textarea>\t\t\t\t<\/div>\n\t\t\t\t\t\t\t\t<div class=\"elementor-field-type-recaptcha_v3 elementor-field-group elementor-column elementor-field-group-field_ade5291 elementor-col-100 recaptcha_v3-bottomright\">\n\t\t\t\t\t<div class=\"elementor-field\" id=\"form-field-field_ade5291\"><div class=\"elementor-g-recaptcha\" data-sitekey=\"6Lff9YUsAAAAAJdlsdsBzm0DY-Uu-gXg3ne-wwQm\" data-type=\"v3\" data-action=\"Form\" data-badge=\"bottomright\" data-size=\"invisible\"><\/div><\/div>\t\t\t\t<\/div>\n\t\t\t\t\t\t\t\t<div class=\"elementor-field-group elementor-column elementor-field-type-submit elementor-col-33 e-form__buttons\">\n\t\t\t\t\t<button class=\"elementor-button elementor-size-sm elementor-animation-grow\" type=\"submit\">\n\t\t\t\t\t\t<span class=\"elementor-button-content-wrapper\">\n\t\t\t\t\t\t\t\t\t\t\t\t\t\t\t\t\t\t\t\t\t\t<span class=\"elementor-button-text\">Enviar<\/span>\n\t\t\t\t\t\t\t\t\t\t\t\t\t<\/span>\n\t\t\t\t\t<\/button>\n\t\t\t\t<\/div>\n\t\t\t<\/div>\n\t\t<\/form>\n\t\t\t\t\t\t<\/div>\n\t\t\t\t<\/div>\n\t\t\t\t<\/div>\n\t\t\t\t<\/div>\n\t\t\t\t<\/div>\n\t\t<div class=\"elementor-element elementor-element-c517769 e-con-full e-flex elementor-repeater-item-default_padding sk-none elementor-repeater-item-none elementor-repeater-item-none_hover e-con e-child\" data-id=\"c517769\" data-element_type=\"container\" data-e-type=\"container\" data-settings=\"{&quot;background_background&quot;:&quot;classic&quot;,&quot;ang_container_spacing_size&quot;:&quot;default_padding&quot;}\">\n\t\t<div class=\"elementor-element elementor-element-d57840c e-con-full e-flex elementor-repeater-item-default_padding elementor-repeater-item-none elementor-repeater-item-none_hover e-con e-child\" data-id=\"d57840c\" data-element_type=\"container\" data-e-type=\"container\" data-settings=\"{&quot;ang_container_spacing_size&quot;:&quot;default_padding&quot;}\">\n\t\t<div class=\"elementor-element elementor-element-5b800c0 e-con-full elementor-repeater-item-none_hover e-flex elementor-repeater-item-default_padding elementor-repeater-item-none e-con e-child\" data-id=\"5b800c0\" data-element_type=\"container\" data-e-type=\"container\" data-settings=\"{&quot;ang_container_spacing_size&quot;:&quot;default_padding&quot;}\">\n\t\t\t\t<div class=\"elementor-element elementor-element-4934c0b elementor-widget-mobile__width-inherit elementor-repeater-item-none elementor-repeater-item-none_hover elementor-invisible elementor-widget elementor-widget-heading\" data-id=\"4934c0b\" data-element_type=\"widget\" data-e-type=\"widget\" data-settings=\"{&quot;_animation&quot;:&quot;fadeInUp&quot;}\" data-widget_type=\"heading.default\">\n\t\t\t\t<div class=\"elementor-widget-container\">\n\t\t\t\t\t<h1 class=\"elementor-heading-title elementor-size-xl\"><strong>Contacta\u2019ns<\/strong><\/h1>\t\t\t\t<\/div>\n\t\t\t\t<\/div>\n\t\t\t\t<div class=\"elementor-element elementor-element-aa415c4 elementor-repeater-item-none elementor-repeater-item-none_hover elementor-widget elementor-widget-heading\" data-id=\"aa415c4\" data-element_type=\"widget\" data-e-type=\"widget\" data-settings=\"{&quot;_animation_tablet&quot;:&quot;fadeInUp&quot;}\" data-widget_type=\"heading.default\">\n\t\t\t\t<div class=\"elementor-widget-container\">\n\t\t\t\t\t<h4 class=\"elementor-heading-title elementor-size-medium\">I transformar la teua caldera<\/h4>\t\t\t\t<\/div>\n\t\t\t\t<\/div>\n\t\t\t\t<\/div>\n\t\t\t\t<div class=\"elementor-element elementor-element-9e8760f elementor-repeater-item-none elementor-repeater-item-none_hover elementor-invisible elementor-widget elementor-widget-text-editor\" data-id=\"9e8760f\" data-element_type=\"widget\" data-e-type=\"widget\" data-settings=\"{&quot;_animation&quot;:&quot;fadeInUp&quot;,&quot;_animation_delay&quot;:&quot;400&quot;}\" data-widget_type=\"text-editor.default\">\n\t\t\t\t<div class=\"elementor-widget-container\">\n\t\t\t\t\t\t\t\t\t<p data-pm-slice=\"1 1 []\">A <strong>T\u00c9RMICAS GRANELL SL<\/strong>, estem a la teua disposici\u00f3 per a qualsevol consulta sobre instal\u00b7laci\u00f3, reparaci\u00f3 o manteniment de calderes a Val\u00e8ncia. El nostre equip d\u2019experts respondr\u00e0 r\u00e0pidament per oferir-te la millor soluci\u00f3 adaptada a les teues necessitats.<\/p>\t\t\t\t\t\t\t\t<\/div>\n\t\t\t\t<\/div>\n\t\t\t\t<\/div>\n\t\t\t\t<div class=\"elementor-element elementor-element-c97717f elementor-widget-divider--view-line elementor-repeater-item-none elementor-repeater-item-none_hover elementor-widget elementor-widget-divider\" data-id=\"c97717f\" data-element_type=\"widget\" data-e-type=\"widget\" data-widget_type=\"divider.default\">\n\t\t\t\t<div class=\"elementor-widget-container\">\n\t\t\t\t\t\t\t<div class=\"elementor-divider\">\n\t\t\t<span class=\"elementor-divider-separator\">\n\t\t\t\t\t\t<\/span>\n\t\t<\/div>\n\t\t\t\t\t\t<\/div>\n\t\t\t\t<\/div>\n\t\t<div class=\"elementor-element elementor-element-105e72e e-con-full e-flex elementor-repeater-item-default_padding elementor-repeater-item-none elementor-repeater-item-none_hover e-con e-child\" data-id=\"105e72e\" data-element_type=\"container\" data-e-type=\"container\" data-settings=\"{&quot;ang_container_spacing_size&quot;:&quot;default_padding&quot;}\">\n\t\t\t\t<div class=\"elementor-element elementor-element-5f4f301 elementor-position-inline-start elementor-view-framed elementor-shape-circle elementor-mobile-position-block-start elementor-repeater-item-none elementor-repeater-item-none_hover elementor-invisible elementor-widget elementor-widget-icon-box\" data-id=\"5f4f301\" data-element_type=\"widget\" data-e-type=\"widget\" data-settings=\"{&quot;_animation&quot;:&quot;fadeIn&quot;,&quot;_animation_delay&quot;:&quot;1200&quot;}\" data-widget_type=\"icon-box.default\">\n\t\t\t\t<div class=\"elementor-widget-container\">\n\t\t\t\t\t\t\t<div class=\"elementor-icon-box-wrapper\">\n\n\t\t\t\t\t\t<div class=\"elementor-icon-box-icon\">\n\t\t\t\t<a href=\"mailto:termicasgranell@hotmail.com\" class=\"elementor-icon\" tabindex=\"-1\" aria-label=\"correu electr\u00f2nic\">\n\t\t\t\t<svg aria-hidden=\"true\" class=\"e-font-icon-svg e-far-envelope\" viewBox=\"0 0 512 512\" xmlns=\"http:\/\/www.w3.org\/2000\/svg\"><path d=\"M464 64H48C21.49 64 0 85.49 0 112v288c0 26.51 21.49 48 48 48h416c26.51 0 48-21.49 48-48V112c0-26.51-21.49-48-48-48zm0 48v40.805c-22.422 18.259-58.168 46.651-134.587 106.49-16.841 13.247-50.201 45.072-73.413 44.701-23.208.375-56.579-31.459-73.413-44.701C106.18 199.465 70.425 171.067 48 152.805V112h416zM48 400V214.398c22.914 18.251 55.409 43.862 104.938 82.646 21.857 17.205 60.134 55.186 103.062 54.955 42.717.231 80.509-37.199 103.053-54.947 49.528-38.783 82.032-64.401 104.947-82.653V400H48z\"><\/path><\/svg>\t\t\t\t<\/a>\n\t\t\t<\/div>\n\t\t\t\n\t\t\t\t\t\t<div class=\"elementor-icon-box-content\">\n\n\t\t\t\t\t\t\t\t\t<div class=\"elementor-icon-box-title\">\n\t\t\t\t\t\t<a href=\"mailto:termicasgranell@hotmail.com\" >\n\t\t\t\t\t\t\tcorreu electr\u00f2nic\t\t\t\t\t\t<\/a>\n\t\t\t\t\t<\/div>\n\t\t\t\t\n\t\t\t\t\t\t\t\t\t<p class=\"elementor-icon-box-description\">\n\t\t\t\t\t\t<a href=\"mailto:termicasgranell@hotmail.com\">termicasgranell@hotmail.com<\/a>\t\t\t\t\t<\/p>\n\t\t\t\t\n\t\t\t<\/div>\n\t\t\t\n\t\t<\/div>\n\t\t\t\t\t\t<\/div>\n\t\t\t\t<\/div>\n\t\t\t\t<div class=\"elementor-element elementor-element-6bb1c60 elementor-position-inline-start elementor-view-framed elementor-shape-circle elementor-mobile-position-block-start elementor-repeater-item-none elementor-repeater-item-none_hover elementor-invisible elementor-widget elementor-widget-icon-box\" data-id=\"6bb1c60\" data-element_type=\"widget\" data-e-type=\"widget\" data-settings=\"{&quot;_animation&quot;:&quot;fadeIn&quot;,&quot;_animation_delay&quot;:&quot;1200&quot;}\" data-widget_type=\"icon-box.default\">\n\t\t\t\t<div class=\"elementor-widget-container\">\n\t\t\t\t\t\t\t<div class=\"elementor-icon-box-wrapper\">\n\n\t\t\t\t\t\t<div class=\"elementor-icon-box-icon\">\n\t\t\t\t<a href=\"tel:+34963965164\" class=\"elementor-icon\" tabindex=\"-1\" aria-label=\"Tel\u00e8fon\">\n\t\t\t\t<svg aria-hidden=\"true\" class=\"e-font-icon-svg e-fas-phone\" viewBox=\"0 0 512 512\" xmlns=\"http:\/\/www.w3.org\/2000\/svg\"><path d=\"M493.4 24.6l-104-24c-11.3-2.6-22.9 3.3-27.5 13.9l-48 112c-4.2 9.8-1.4 21.3 6.9 28l60.6 49.6c-36 76.7-98.9 140.5-177.2 177.2l-49.6-60.6c-6.8-8.3-18.2-11.1-28-6.9l-112 48C3.9 366.5-2 378.1.6 389.4l24 104C27.1 504.2 36.7 512 48 512c256.1 0 464-207.5 464-464 0-11.2-7.7-20.9-18.6-23.4z\"><\/path><\/svg>\t\t\t\t<\/a>\n\t\t\t<\/div>\n\t\t\t\n\t\t\t\t\t\t<div class=\"elementor-icon-box-content\">\n\n\t\t\t\t\t\t\t\t\t<div class=\"elementor-icon-box-title\">\n\t\t\t\t\t\t<a href=\"tel:+34963965164\" >\n\t\t\t\t\t\t\tTel\u00e8fon\t\t\t\t\t\t<\/a>\n\t\t\t\t\t<\/div>\n\t\t\t\t\n\t\t\t\t\t\t\t\t\t<p class=\"elementor-icon-box-description\">\n\t\t\t\t\t\t<a href=\"tel:+34963965164\">+34963965164  <\/a>\t\t\t\t\t<\/p>\n\t\t\t\t\n\t\t\t<\/div>\n\t\t\t\n\t\t<\/div>\n\t\t\t\t\t\t<\/div>\n\t\t\t\t<\/div>\n\t\t\t\t<div class=\"elementor-element elementor-element-8448484 elementor-position-inline-start elementor-view-framed elementor-shape-circle elementor-mobile-position-block-start elementor-repeater-item-none elementor-repeater-item-none_hover elementor-invisible elementor-widget elementor-widget-icon-box\" data-id=\"8448484\" data-element_type=\"widget\" data-e-type=\"widget\" data-settings=\"{&quot;_animation&quot;:&quot;fadeIn&quot;,&quot;_animation_delay&quot;:&quot;1200&quot;}\" data-widget_type=\"icon-box.default\">\n\t\t\t\t<div class=\"elementor-widget-container\">\n\t\t\t\t\t\t\t<div class=\"elementor-icon-box-wrapper\">\n\n\t\t\t\t\t\t<div class=\"elementor-icon-box-icon\">\n\t\t\t\t<span  class=\"elementor-icon\">\n\t\t\t\t<svg aria-hidden=\"true\" class=\"e-font-icon-svg e-fas-location-arrow\" viewBox=\"0 0 512 512\" xmlns=\"http:\/\/www.w3.org\/2000\/svg\"><path d=\"M444.52 3.52L28.74 195.42c-47.97 22.39-31.98 92.75 19.19 92.75h175.91v175.91c0 51.17 70.36 67.17 92.75 19.19l191.9-415.78c15.99-38.39-25.59-79.97-63.97-63.97z\"><\/path><\/svg>\t\t\t\t<\/span>\n\t\t\t<\/div>\n\t\t\t\n\t\t\t\t\t\t<div class=\"elementor-icon-box-content\">\n\n\t\t\t\t\t\t\t\t\t<div class=\"elementor-icon-box-title\">\n\t\t\t\t\t\t<span  >\n\t\t\t\t\t\t\tLloc\t\t\t\t\t\t<\/span>\n\t\t\t\t\t<\/div>\n\t\t\t\t\n\t\t\t\t\t\t\t\t\t<p class=\"elementor-icon-box-description\">\n\t\t\t\t\t\tMadrid\t\t\t\t\t<\/p>\n\t\t\t\t\n\t\t\t<\/div>\n\t\t\t\n\t\t<\/div>\n\t\t\t\t\t\t<\/div>\n\t\t\t\t<\/div>\n\t\t\t\t<\/div>\n\t\t\t\t<\/div>\n\t\t\t\t<\/div>\n\t\t\t\t<\/div>\n\t\t","protected":false},"excerpt":{"rendered":"<p>Necessites ajuda amb la teua caldera? Nom\u00e9s ompli el seg\u00fcent formulari i us contactarem en menys de 24\u202fhores. Contacta\u2019ns I transformar la teua caldera A T\u00c9RMICAS GRANELL SL, estem a la teua disposici\u00f3 per a qualsevol consulta sobre instal\u00b7laci\u00f3, reparaci\u00f3 o manteniment de calderes a Val\u00e8ncia. El nostre equip d\u2019experts respondr\u00e0 r\u00e0pidament per oferir-te la &#8230; <a title=\"Contacte\" class=\"read-more\" href=\"https:\/\/termicasgranell.com\/vc\/contacte\/\" aria-label=\"Read more about Contacte\">Read more<\/a><\/p>\n","protected":false},"author":3,"featured_media":0,"parent":0,"menu_order":0,"comment_status":"closed","ping_status":"closed","template":"elementor_header_footer","meta":{"footnotes":""},"class_list":["post-8926","page","type-page","status-publish"],"yoast_head":"<!-- This site is optimized with the Yoast SEO plugin v27.4 - https:\/\/yoast.com\/product\/yoast-seo-wordpress\/ -->\n<title>Contacta amb T\u00c9RMICAS GRANELL SL | Experts en Calderes a Val\u00e8ncia<\/title>\n<meta name=\"description\" content=\"Necessites ajuda amb la teua caldera? Contacta amb T\u00c9RMICAS GRANELL SL per assist\u00e8ncia immediata, pressupostos i assessorament a Val\u00e8ncia. Atenci\u00f3 personalitzada i servei t\u00e8cnic especialitzat.\" \/>\n<meta name=\"robots\" content=\"index, follow, max-snippet:-1, max-image-preview:large, max-video-preview:-1\" \/>\n<link rel=\"canonical\" href=\"https:\/\/termicasgranell.com\/vc\/contacte\/\" \/>\n<meta property=\"og:locale\" content=\"en_US\" \/>\n<meta property=\"og:type\" content=\"article\" \/>\n<meta property=\"og:title\" content=\"Contacta amb T\u00c9RMICAS GRANELL SL | Experts en Calderes a Val\u00e8ncia\" \/>\n<meta property=\"og:description\" content=\"Necessites ajuda amb la teua caldera? Contacta amb T\u00c9RMICAS GRANELL SL per assist\u00e8ncia immediata, pressupostos i assessorament a Val\u00e8ncia. Atenci\u00f3 personalitzada i servei t\u00e8cnic especialitzat.\" \/>\n<meta property=\"og:url\" content=\"https:\/\/termicasgranell.com\/vc\/contacte\/\" \/>\n<meta property=\"og:site_name\" content=\"TERMICAS GRANELL SL\" \/>\n<meta property=\"article:modified_time\" content=\"2025-08-04T18:03:28+00:00\" \/>\n<meta name=\"twitter:card\" content=\"summary_large_image\" \/>\n<script type=\"application\/ld+json\" class=\"yoast-schema-graph\">{\"@context\":\"https:\\\/\\\/schema.org\",\"@graph\":[{\"@type\":\"WebPage\",\"@id\":\"https:\\\/\\\/termicasgranell.com\\\/vc\\\/contacte\\\/\",\"url\":\"https:\\\/\\\/termicasgranell.com\\\/vc\\\/contacte\\\/\",\"name\":\"Contacta amb T\u00c9RMICAS GRANELL SL | Experts en Calderes a Val\u00e8ncia\",\"isPartOf\":{\"@id\":\"https:\\\/\\\/b97984223.es\\\/vc\\\/#website\"},\"datePublished\":\"2024-12-04T11:36:24+00:00\",\"dateModified\":\"2025-08-04T18:03:28+00:00\",\"description\":\"Necessites ajuda amb la teua caldera? Contacta amb T\u00c9RMICAS GRANELL SL per assist\u00e8ncia immediata, pressupostos i assessorament a Val\u00e8ncia. Atenci\u00f3 personalitzada i servei t\u00e8cnic especialitzat.\",\"breadcrumb\":{\"@id\":\"https:\\\/\\\/termicasgranell.com\\\/vc\\\/contacte\\\/#breadcrumb\"},\"inLanguage\":\"vc-ES\",\"potentialAction\":[{\"@type\":\"ReadAction\",\"target\":[\"https:\\\/\\\/termicasgranell.com\\\/vc\\\/contacte\\\/\"]}]},{\"@type\":\"BreadcrumbList\",\"@id\":\"https:\\\/\\\/termicasgranell.com\\\/vc\\\/contacte\\\/#breadcrumb\",\"itemListElement\":[{\"@type\":\"ListItem\",\"position\":1,\"name\":\"Portada\",\"item\":\"https:\\\/\\\/b97984223.es\\\/vc\\\/\"},{\"@type\":\"ListItem\",\"position\":2,\"name\":\"Contacte\"}]},{\"@type\":\"WebSite\",\"@id\":\"https:\\\/\\\/b97984223.es\\\/vc\\\/#website\",\"url\":\"https:\\\/\\\/b97984223.es\\\/vc\\\/\",\"name\":\"TERMICAS GRANELL SL\",\"description\":\"Expertos en  Calderas, reparaci\u00f3n y mantenimiento.\",\"publisher\":{\"@id\":\"https:\\\/\\\/b97984223.es\\\/vc\\\/#organization\"},\"potentialAction\":[{\"@type\":\"SearchAction\",\"target\":{\"@type\":\"EntryPoint\",\"urlTemplate\":\"https:\\\/\\\/b97984223.es\\\/vc\\\/?s={search_term_string}\"},\"query-input\":{\"@type\":\"PropertyValueSpecification\",\"valueRequired\":true,\"valueName\":\"search_term_string\"}}],\"inLanguage\":\"vc-ES\"},{\"@type\":\"Organization\",\"@id\":\"https:\\\/\\\/b97984223.es\\\/vc\\\/#organization\",\"name\":\"TERMICAS GRANELL SL\",\"url\":\"https:\\\/\\\/b97984223.es\\\/vc\\\/\",\"logo\":{\"@type\":\"ImageObject\",\"inLanguage\":\"vc-ES\",\"@id\":\"https:\\\/\\\/b97984223.es\\\/vc\\\/#\\\/schema\\\/logo\\\/image\\\/\",\"url\":\"https:\\\/\\\/termicasgranell.com\\\/wp-content\\\/uploads\\\/sites\\\/366\\\/2025\\\/03\\\/cropped-logotipo-comercial-calderas-hvac-atraer-clientes-residenciales-alto-nivel_740796-10.avif\",\"contentUrl\":\"https:\\\/\\\/termicasgranell.com\\\/wp-content\\\/uploads\\\/sites\\\/366\\\/2025\\\/03\\\/cropped-logotipo-comercial-calderas-hvac-atraer-clientes-residenciales-alto-nivel_740796-10.avif\",\"width\":221,\"height\":230,\"caption\":\"TERMICAS GRANELL SL\"},\"image\":{\"@id\":\"https:\\\/\\\/b97984223.es\\\/vc\\\/#\\\/schema\\\/logo\\\/image\\\/\"}}]}<\/script>\n<!-- \/ Yoast SEO plugin. -->","yoast_head_json":{"title":"Contacta amb T\u00c9RMICAS GRANELL SL | Experts en Calderes a Val\u00e8ncia","description":"Necessites ajuda amb la teua caldera? Contacta amb T\u00c9RMICAS GRANELL SL per assist\u00e8ncia immediata, pressupostos i assessorament a Val\u00e8ncia. Atenci\u00f3 personalitzada i servei t\u00e8cnic especialitzat.","robots":{"index":"index","follow":"follow","max-snippet":"max-snippet:-1","max-image-preview":"max-image-preview:large","max-video-preview":"max-video-preview:-1"},"canonical":"https:\/\/termicasgranell.com\/vc\/contacte\/","og_locale":"en_US","og_type":"article","og_title":"Contacta amb T\u00c9RMICAS GRANELL SL | Experts en Calderes a Val\u00e8ncia","og_description":"Necessites ajuda amb la teua caldera? Contacta amb T\u00c9RMICAS GRANELL SL per assist\u00e8ncia immediata, pressupostos i assessorament a Val\u00e8ncia. Atenci\u00f3 personalitzada i servei t\u00e8cnic especialitzat.","og_url":"https:\/\/termicasgranell.com\/vc\/contacte\/","og_site_name":"TERMICAS GRANELL SL","article_modified_time":"2025-08-04T18:03:28+00:00","twitter_card":"summary_large_image","schema":{"@context":"https:\/\/schema.org","@graph":[{"@type":"WebPage","@id":"https:\/\/termicasgranell.com\/vc\/contacte\/","url":"https:\/\/termicasgranell.com\/vc\/contacte\/","name":"Contacta amb T\u00c9RMICAS GRANELL SL | Experts en Calderes a Val\u00e8ncia","isPartOf":{"@id":"https:\/\/b97984223.es\/vc\/#website"},"datePublished":"2024-12-04T11:36:24+00:00","dateModified":"2025-08-04T18:03:28+00:00","description":"Necessites ajuda amb la teua caldera? Contacta amb T\u00c9RMICAS GRANELL SL per assist\u00e8ncia immediata, pressupostos i assessorament a Val\u00e8ncia. Atenci\u00f3 personalitzada i servei t\u00e8cnic especialitzat.","breadcrumb":{"@id":"https:\/\/termicasgranell.com\/vc\/contacte\/#breadcrumb"},"inLanguage":"vc-ES","potentialAction":[{"@type":"ReadAction","target":["https:\/\/termicasgranell.com\/vc\/contacte\/"]}]},{"@type":"BreadcrumbList","@id":"https:\/\/termicasgranell.com\/vc\/contacte\/#breadcrumb","itemListElement":[{"@type":"ListItem","position":1,"name":"Portada","item":"https:\/\/b97984223.es\/vc\/"},{"@type":"ListItem","position":2,"name":"Contacte"}]},{"@type":"WebSite","@id":"https:\/\/b97984223.es\/vc\/#website","url":"https:\/\/b97984223.es\/vc\/","name":"TERMICAS GRANELL SL","description":"Expertos en  Calderas, reparaci\u00f3n y mantenimiento.","publisher":{"@id":"https:\/\/b97984223.es\/vc\/#organization"},"potentialAction":[{"@type":"SearchAction","target":{"@type":"EntryPoint","urlTemplate":"https:\/\/b97984223.es\/vc\/?s={search_term_string}"},"query-input":{"@type":"PropertyValueSpecification","valueRequired":true,"valueName":"search_term_string"}}],"inLanguage":"vc-ES"},{"@type":"Organization","@id":"https:\/\/b97984223.es\/vc\/#organization","name":"TERMICAS GRANELL SL","url":"https:\/\/b97984223.es\/vc\/","logo":{"@type":"ImageObject","inLanguage":"vc-ES","@id":"https:\/\/b97984223.es\/vc\/#\/schema\/logo\/image\/","url":"https:\/\/termicasgranell.com\/wp-content\/uploads\/sites\/366\/2025\/03\/cropped-logotipo-comercial-calderas-hvac-atraer-clientes-residenciales-alto-nivel_740796-10.avif","contentUrl":"https:\/\/termicasgranell.com\/wp-content\/uploads\/sites\/366\/2025\/03\/cropped-logotipo-comercial-calderas-hvac-atraer-clientes-residenciales-alto-nivel_740796-10.avif","width":221,"height":230,"caption":"TERMICAS GRANELL SL"},"image":{"@id":"https:\/\/b97984223.es\/vc\/#\/schema\/logo\/image\/"}}]}},"_links":{"self":[{"href":"https:\/\/termicasgranell.com\/vc\/wp-json\/wp\/v2\/pages\/8926","targetHints":{"allow":["GET"]}}],"collection":[{"href":"https:\/\/termicasgranell.com\/vc\/wp-json\/wp\/v2\/pages"}],"about":[{"href":"https:\/\/termicasgranell.com\/vc\/wp-json\/wp\/v2\/types\/page"}],"author":[{"embeddable":true,"href":"https:\/\/termicasgranell.com\/vc\/wp-json\/wp\/v2\/users\/3"}],"replies":[{"embeddable":true,"href":"https:\/\/termicasgranell.com\/vc\/wp-json\/wp\/v2\/comments?post=8926"}],"version-history":[{"count":0,"href":"https:\/\/termicasgranell.com\/vc\/wp-json\/wp\/v2\/pages\/8926\/revisions"}],"wp:attachment":[{"href":"https:\/\/termicasgranell.com\/vc\/wp-json\/wp\/v2\/media?parent=8926"}],"curies":[{"name":"wp","href":"https:\/\/api.w.org\/{rel}","templated":true}]}}