{"id":8928,"date":"2024-10-04T17:15:45","date_gmt":"2024-10-04T15:15:45","guid":{"rendered":"https:\/\/termicasgranell.com\/avis-legal\/"},"modified":"2025-08-04T20:25:54","modified_gmt":"2025-08-04T18:25:54","slug":"avis-legal","status":"publish","type":"page","link":"https:\/\/termicasgranell.com\/vc\/avis-legal\/","title":{"rendered":"Av\u00eds legal"},"content":{"rendered":"\t\t<div data-elementor-type=\"wp-page\" data-elementor-id=\"8928\" class=\"elementor elementor-8928 elementor-1927\" data-elementor-post-type=\"page\">\n\t\t\t\t<div class=\"elementor-element elementor-element-583446c1 e-con-full e-flex elementor-repeater-item-default_padding sk-none elementor-repeater-item-none elementor-repeater-item-none_hover e-con e-parent\" data-id=\"583446c1\" data-element_type=\"container\" data-e-type=\"container\" data-settings=\"{&quot;background_background&quot;:&quot;classic&quot;,&quot;ang_container_spacing_size&quot;:&quot;default_padding&quot;}\">\n\t\t\t\t<div class=\"elementor-element elementor-element-b670a20 elementor-repeater-item-none elementor-repeater-item-none_hover elementor-widget elementor-widget-heading\" data-id=\"b670a20\" data-element_type=\"widget\" data-e-type=\"widget\" data-widget_type=\"heading.default\">\n\t\t\t\t<div class=\"elementor-widget-container\">\n\t\t\t\t\t<h2 class=\"elementor-heading-title elementor-size-default\">Pol\u00edtica d'accessibilitat<\/h2>\t\t\t\t<\/div>\n\t\t\t\t<\/div>\n\t\t\t\t<\/div>\n\t\t<div class=\"elementor-element elementor-element-4cd0ebfb e-flex e-con-boxed elementor-repeater-item-default_padding elementor-repeater-item-none elementor-repeater-item-none_hover e-con e-parent\" data-id=\"4cd0ebfb\" data-element_type=\"container\" data-e-type=\"container\" data-settings=\"{&quot;ang_container_spacing_size&quot;:&quot;default_padding&quot;}\">\n\t\t\t\t\t<div class=\"e-con-inner\">\n\t\t\t\t<div class=\"elementor-element elementor-element-59d002be elementor-repeater-item-none elementor-repeater-item-none_hover elementor-widget elementor-widget-text-editor\" data-id=\"59d002be\" data-element_type=\"widget\" data-e-type=\"widget\" data-widget_type=\"text-editor.default\">\n\t\t\t\t<div class=\"elementor-widget-container\">\n\t\t\t\t\t\t\t\t\t<p><span style=\"font-weight: 400;\">En la construcci\u00f3 de la p\u00e0gina web de <strong>T\u00c9RMICAS GRANELL SL<\/strong><\/span> <span style=\"font-weight: 400;\">s\u2019han adoptat mesures amb l\u2019objectiu que el major nombre possible de persones puguen accedir a la informaci\u00f3 que s\u2019hi transmet, independentment de les limitacions de la persona o de les que es deriven del context d\u2019\u00fas.<\/span><\/p><p><span style=\"font-weight: 400;\">En la construcci\u00f3 de la p\u00e0gina web de T\u00c9RMICAS GRANELL SL s\u2019han adoptat mesures amb l\u2019objectiu que el major nombre possible de persones puguen accedir a la informaci\u00f3 que s\u2019hi transmet, independentment de les limitacions de la persona o de les que es deriven del context d\u2019\u00fas.<\/span><\/p><ul><li style=\"font-weight: 400;\" aria-level=\"1\"><span style=\"font-weight: 400;\">Uso de CSS para la presentaci\u00f3n de la informaci\u00f3n.<\/span><\/li><li style=\"font-weight: 400;\" aria-level=\"1\"><span style=\"font-weight: 400;\">Etiquetas de marcaje.<\/span><\/li><li style=\"font-weight: 400;\" aria-level=\"1\"><span style=\"font-weight: 400;\">Sistemas de navegaci\u00f3n usables, intuitivos y alternativos.<\/span><\/li><li style=\"font-weight: 400;\" aria-level=\"1\"><span style=\"font-weight: 400;\">Descripciones alternativas en las im\u00e1genes.<\/span><\/li><li style=\"font-weight: 400;\" aria-level=\"1\"><span style=\"font-weight: 400;\">Verificaciones en la visualizaci\u00f3n con diferentes navegadores y dispositivos.<\/span><\/li><li style=\"font-weight: 400;\" aria-level=\"1\"><span style=\"font-weight: 400;\">Utilizaci\u00f3n de formatos universales y alternativos.<\/span><\/li><li style=\"font-weight: 400;\" aria-level=\"1\"><span style=\"font-weight: 400;\">Los enlaces ofrecen detalles de la funci\u00f3n o destino del hiperv\u00ednculo.<\/span><\/li><li style=\"font-weight: 400;\" aria-level=\"1\"><span style=\"font-weight: 400;\">Uso de los est\u00e1ndares del W3C.<\/span><\/li><li style=\"font-weight: 400;\" aria-level=\"1\"><span style=\"font-weight: 400;\">Acceso mediante atajos teclado a las principales opciones.<\/span><\/li><\/ul><h3><span style=\"font-weight: 400;\">Compliment dels est\u00e0ndards<\/span><\/h3><p><span style=\"font-weight: 400;\">Les p\u00e0gines d\u2019aquest lloc web compleixen la marca AA segons la Norma UNE 139803:2004 i les Directrius d\u2019Accessibilitat per al Contingut Web 1.0 del W3C. Tots els requisits de Prioritat 1 i Prioritat 2, aix\u00ed com un subconjunt dels requisits de Prioritat 3, han sigut comprovats mitjan\u00e7ant una an\u00e0lisi manual de l\u2019accessibilitat a trav\u00e9s de diferents eines semi-autom\u00e0tiques i agents d\u2019usuari. <\/span><\/p><h3><span style=\"font-weight: 400;\">Atajos de teclado<\/span><\/h3><p><span style=\"font-weight: 400;\">En esta Web puede hacer saltos ordenados en el contenido con la tecla Tab.<\/span><\/p><h3><span style=\"font-weight: 400;\">Tama\u00f1o del texto<\/span><\/h3><p><span style=\"font-weight: 400;\">El dise\u00f1o accesible permite que el usuario pueda ajustar las fuentes al tama\u00f1o que le convenga. Esta acci\u00f3n puede llevarse a cabo de diferentes maneras seg\u00fan el navegador web que se utilice. A continuaci\u00f3n se indica la acci\u00f3n de men\u00fa donde se encuentra esta funcionalidad en los navegadores m\u00e1s frecuentes:  <\/span><\/p><ul><li style=\"font-weight: 400;\" aria-level=\"1\"><span style=\"font-weight: 400;\">Mozilla Firefox: Ver &gt; Tama\u00f1o de texto &gt; Incrementar Internet<\/span><\/li><li style=\"font-weight: 400;\" aria-level=\"1\"><span style=\"font-weight: 400;\">Internet Explorer: Ver &gt; Tama\u00f1o de texto &gt; M\u00e1s grande<\/span><\/li><li style=\"font-weight: 400;\" aria-level=\"1\"><span style=\"font-weight: 400;\">Opera: View &gt; Zoom &gt; %<\/span><\/li><li style=\"font-weight: 400;\" aria-level=\"1\"><span style=\"font-weight: 400;\">Safari: View &gt; Make text bigger<\/span><\/li><li style=\"font-weight: 400;\" aria-level=\"1\"><span style=\"font-weight: 400;\">Google Chrome: Herramientas &gt; Zoom<\/span><\/li><\/ul><h3><span style=\"font-weight: 400;\">Configuraci\u00f3n t\u00e9cnica<\/span><\/h3><p><span style=\"font-weight: 400;\">Las p\u00e1ginas web est\u00e1n creadas con el CMS WordPress <\/span><strong>6.7.2<\/strong><\/p><h3><span style=\"font-weight: 400;\">Informaci\u00f3n \u00fatil sobre la accesibilidad<\/span><\/h3><p><span style=\"font-weight: 400;\">Seguidamente se exponen una serie de enlaces organizados en diferentes categor\u00edas \u00fatiles para obtener m\u00e1s informaci\u00f3n sobre la accesibilidad.<\/span><\/p><h4><span style=\"font-weight: 400;\">Accesibilidad normas y documentos t\u00e9cnicos:<\/span><\/h4><p><a href=\"http:\/\/www.w3c.org\/\"><span style=\"font-weight: 400;\">http:\/\/www.w3c.org\/<\/span><span style=\"font-weight: 400;\"><br><\/span><\/a><span style=\"font-weight: 400;\">Consorcio World Wide Web, grupo de trabajo de \u00e1mbito internacional que dicta l\u00edneas generales relacionadas con la web.<\/span><\/p><p><a href=\"http:\/\/www.w3c.org\/wai\/\"><span style=\"font-weight: 400;\">http:\/\/www.w3c.org\/wai\/<\/span><span style=\"font-weight: 400;\"><br><\/span><\/a><span style=\"font-weight: 400;\">Iniciativa de Accesibilidad Web del W3C.<\/span><\/p>\t\t\t\t\t\t\t\t<\/div>\n\t\t\t\t<\/div>\n\t\t\t\t\t<\/div>\n\t\t\t\t<\/div>\n\t\t\t\t<\/div>\n\t\t","protected":false},"excerpt":{"rendered":"<p>Pol\u00edtica d&#8217;accessibilitat En la construcci\u00f3 de la p\u00e0gina web de T\u00c9RMICAS GRANELL SL s\u2019han adoptat mesures amb l\u2019objectiu que el major nombre possible de persones puguen accedir a la informaci\u00f3 que s\u2019hi transmet, independentment de les limitacions de la persona o de les que es deriven del context d\u2019\u00fas. En la construcci\u00f3 de la p\u00e0gina &#8230; <a title=\"Av\u00eds legal\" class=\"read-more\" href=\"https:\/\/termicasgranell.com\/vc\/avis-legal\/\" aria-label=\"Read more about Av\u00eds legal\">Read more<\/a><\/p>\n","protected":false},"author":3,"featured_media":0,"parent":0,"menu_order":0,"comment_status":"closed","ping_status":"closed","template":"elementor_header_footer","meta":{"footnotes":""},"class_list":["post-8928","page","type-page","status-publish"],"yoast_head":"<!-- This site is optimized with the Yoast SEO plugin v27.4 - https:\/\/yoast.com\/product\/yoast-seo-wordpress\/ -->\n<title>Av\u00eds legal | Instalaci\u00f3n, Reparaci\u00f3n y Mantenimiento de Calderas<\/title>\n<meta name=\"description\" content=\"Servicios integrales de calderas: instalaci\u00f3n, reparaci\u00f3n y mantenimiento en Valencia con t\u00e9cnicos oficiales Beretta. Garant\u00eda, eficiencia y calidad profesional.\" \/>\n<meta name=\"robots\" content=\"index, follow, max-snippet:-1, max-image-preview:large, max-video-preview:-1\" \/>\n<link rel=\"canonical\" href=\"https:\/\/termicasgranell.com\/vc\/avis-legal\/\" \/>\n<meta property=\"og:locale\" content=\"en_US\" \/>\n<meta property=\"og:type\" content=\"article\" \/>\n<meta property=\"og:title\" content=\"Av\u00eds legal | Instalaci\u00f3n, Reparaci\u00f3n y Mantenimiento de Calderas\" \/>\n<meta property=\"og:description\" content=\"Servicios integrales de calderas: instalaci\u00f3n, reparaci\u00f3n y mantenimiento en Valencia con t\u00e9cnicos oficiales Beretta. Garant\u00eda, eficiencia y calidad profesional.\" \/>\n<meta property=\"og:url\" content=\"https:\/\/termicasgranell.com\/vc\/avis-legal\/\" \/>\n<meta property=\"og:site_name\" content=\"TERMICAS GRANELL SL\" \/>\n<meta property=\"article:modified_time\" content=\"2025-08-04T18:25:54+00:00\" \/>\n<meta name=\"twitter:card\" content=\"summary_large_image\" \/>\n<meta name=\"twitter:label1\" content=\"Est. reading time\" \/>\n\t<meta name=\"twitter:data1\" content=\"2 minutes\" \/>\n<script type=\"application\/ld+json\" class=\"yoast-schema-graph\">{\"@context\":\"https:\\\/\\\/schema.org\",\"@graph\":[{\"@type\":\"WebPage\",\"@id\":\"https:\\\/\\\/termicasgranell.com\\\/vc\\\/avis-legal\\\/\",\"url\":\"https:\\\/\\\/termicasgranell.com\\\/vc\\\/avis-legal\\\/\",\"name\":\"Av\u00eds legal | Instalaci\u00f3n, Reparaci\u00f3n y Mantenimiento de Calderas\",\"isPartOf\":{\"@id\":\"https:\\\/\\\/b97984223.es\\\/vc\\\/#website\"},\"datePublished\":\"2024-10-04T15:15:45+00:00\",\"dateModified\":\"2025-08-04T18:25:54+00:00\",\"description\":\"Servicios integrales de calderas: instalaci\u00f3n, reparaci\u00f3n y mantenimiento en Valencia con t\u00e9cnicos oficiales Beretta. Garant\u00eda, eficiencia y calidad profesional.\",\"breadcrumb\":{\"@id\":\"https:\\\/\\\/termicasgranell.com\\\/vc\\\/avis-legal\\\/#breadcrumb\"},\"inLanguage\":\"vc-ES\",\"potentialAction\":[{\"@type\":\"ReadAction\",\"target\":[\"https:\\\/\\\/termicasgranell.com\\\/vc\\\/avis-legal\\\/\"]}]},{\"@type\":\"BreadcrumbList\",\"@id\":\"https:\\\/\\\/termicasgranell.com\\\/vc\\\/avis-legal\\\/#breadcrumb\",\"itemListElement\":[{\"@type\":\"ListItem\",\"position\":1,\"name\":\"Portada\",\"item\":\"https:\\\/\\\/b97984223.es\\\/vc\\\/\"},{\"@type\":\"ListItem\",\"position\":2,\"name\":\"Av\u00eds legal\"}]},{\"@type\":\"WebSite\",\"@id\":\"https:\\\/\\\/b97984223.es\\\/vc\\\/#website\",\"url\":\"https:\\\/\\\/b97984223.es\\\/vc\\\/\",\"name\":\"TERMICAS GRANELL SL\",\"description\":\"Expertos en  Calderas, reparaci\u00f3n y mantenimiento.\",\"publisher\":{\"@id\":\"https:\\\/\\\/b97984223.es\\\/vc\\\/#organization\"},\"potentialAction\":[{\"@type\":\"SearchAction\",\"target\":{\"@type\":\"EntryPoint\",\"urlTemplate\":\"https:\\\/\\\/b97984223.es\\\/vc\\\/?s={search_term_string}\"},\"query-input\":{\"@type\":\"PropertyValueSpecification\",\"valueRequired\":true,\"valueName\":\"search_term_string\"}}],\"inLanguage\":\"vc-ES\"},{\"@type\":\"Organization\",\"@id\":\"https:\\\/\\\/b97984223.es\\\/vc\\\/#organization\",\"name\":\"TERMICAS GRANELL SL\",\"url\":\"https:\\\/\\\/b97984223.es\\\/vc\\\/\",\"logo\":{\"@type\":\"ImageObject\",\"inLanguage\":\"vc-ES\",\"@id\":\"https:\\\/\\\/b97984223.es\\\/vc\\\/#\\\/schema\\\/logo\\\/image\\\/\",\"url\":\"https:\\\/\\\/termicasgranell.com\\\/wp-content\\\/uploads\\\/sites\\\/366\\\/2025\\\/03\\\/cropped-logotipo-comercial-calderas-hvac-atraer-clientes-residenciales-alto-nivel_740796-10.avif\",\"contentUrl\":\"https:\\\/\\\/termicasgranell.com\\\/wp-content\\\/uploads\\\/sites\\\/366\\\/2025\\\/03\\\/cropped-logotipo-comercial-calderas-hvac-atraer-clientes-residenciales-alto-nivel_740796-10.avif\",\"width\":221,\"height\":230,\"caption\":\"TERMICAS GRANELL SL\"},\"image\":{\"@id\":\"https:\\\/\\\/b97984223.es\\\/vc\\\/#\\\/schema\\\/logo\\\/image\\\/\"}}]}<\/script>\n<!-- \/ Yoast SEO plugin. -->","yoast_head_json":{"title":"Av\u00eds legal | Instalaci\u00f3n, Reparaci\u00f3n y Mantenimiento de Calderas","description":"Servicios integrales de calderas: instalaci\u00f3n, reparaci\u00f3n y mantenimiento en Valencia con t\u00e9cnicos oficiales Beretta. Garant\u00eda, eficiencia y calidad profesional.","robots":{"index":"index","follow":"follow","max-snippet":"max-snippet:-1","max-image-preview":"max-image-preview:large","max-video-preview":"max-video-preview:-1"},"canonical":"https:\/\/termicasgranell.com\/vc\/avis-legal\/","og_locale":"en_US","og_type":"article","og_title":"Av\u00eds legal | Instalaci\u00f3n, Reparaci\u00f3n y Mantenimiento de Calderas","og_description":"Servicios integrales de calderas: instalaci\u00f3n, reparaci\u00f3n y mantenimiento en Valencia con t\u00e9cnicos oficiales Beretta. Garant\u00eda, eficiencia y calidad profesional.","og_url":"https:\/\/termicasgranell.com\/vc\/avis-legal\/","og_site_name":"TERMICAS GRANELL SL","article_modified_time":"2025-08-04T18:25:54+00:00","twitter_card":"summary_large_image","twitter_misc":{"Est. reading time":"2 minutes"},"schema":{"@context":"https:\/\/schema.org","@graph":[{"@type":"WebPage","@id":"https:\/\/termicasgranell.com\/vc\/avis-legal\/","url":"https:\/\/termicasgranell.com\/vc\/avis-legal\/","name":"Av\u00eds legal | Instalaci\u00f3n, Reparaci\u00f3n y Mantenimiento de Calderas","isPartOf":{"@id":"https:\/\/b97984223.es\/vc\/#website"},"datePublished":"2024-10-04T15:15:45+00:00","dateModified":"2025-08-04T18:25:54+00:00","description":"Servicios integrales de calderas: instalaci\u00f3n, reparaci\u00f3n y mantenimiento en Valencia con t\u00e9cnicos oficiales Beretta. Garant\u00eda, eficiencia y calidad profesional.","breadcrumb":{"@id":"https:\/\/termicasgranell.com\/vc\/avis-legal\/#breadcrumb"},"inLanguage":"vc-ES","potentialAction":[{"@type":"ReadAction","target":["https:\/\/termicasgranell.com\/vc\/avis-legal\/"]}]},{"@type":"BreadcrumbList","@id":"https:\/\/termicasgranell.com\/vc\/avis-legal\/#breadcrumb","itemListElement":[{"@type":"ListItem","position":1,"name":"Portada","item":"https:\/\/b97984223.es\/vc\/"},{"@type":"ListItem","position":2,"name":"Av\u00eds legal"}]},{"@type":"WebSite","@id":"https:\/\/b97984223.es\/vc\/#website","url":"https:\/\/b97984223.es\/vc\/","name":"TERMICAS GRANELL SL","description":"Expertos en  Calderas, reparaci\u00f3n y mantenimiento.","publisher":{"@id":"https:\/\/b97984223.es\/vc\/#organization"},"potentialAction":[{"@type":"SearchAction","target":{"@type":"EntryPoint","urlTemplate":"https:\/\/b97984223.es\/vc\/?s={search_term_string}"},"query-input":{"@type":"PropertyValueSpecification","valueRequired":true,"valueName":"search_term_string"}}],"inLanguage":"vc-ES"},{"@type":"Organization","@id":"https:\/\/b97984223.es\/vc\/#organization","name":"TERMICAS GRANELL SL","url":"https:\/\/b97984223.es\/vc\/","logo":{"@type":"ImageObject","inLanguage":"vc-ES","@id":"https:\/\/b97984223.es\/vc\/#\/schema\/logo\/image\/","url":"https:\/\/termicasgranell.com\/wp-content\/uploads\/sites\/366\/2025\/03\/cropped-logotipo-comercial-calderas-hvac-atraer-clientes-residenciales-alto-nivel_740796-10.avif","contentUrl":"https:\/\/termicasgranell.com\/wp-content\/uploads\/sites\/366\/2025\/03\/cropped-logotipo-comercial-calderas-hvac-atraer-clientes-residenciales-alto-nivel_740796-10.avif","width":221,"height":230,"caption":"TERMICAS GRANELL SL"},"image":{"@id":"https:\/\/b97984223.es\/vc\/#\/schema\/logo\/image\/"}}]}},"_links":{"self":[{"href":"https:\/\/termicasgranell.com\/vc\/wp-json\/wp\/v2\/pages\/8928","targetHints":{"allow":["GET"]}}],"collection":[{"href":"https:\/\/termicasgranell.com\/vc\/wp-json\/wp\/v2\/pages"}],"about":[{"href":"https:\/\/termicasgranell.com\/vc\/wp-json\/wp\/v2\/types\/page"}],"author":[{"embeddable":true,"href":"https:\/\/termicasgranell.com\/vc\/wp-json\/wp\/v2\/users\/3"}],"replies":[{"embeddable":true,"href":"https:\/\/termicasgranell.com\/vc\/wp-json\/wp\/v2\/comments?post=8928"}],"version-history":[{"count":0,"href":"https:\/\/termicasgranell.com\/vc\/wp-json\/wp\/v2\/pages\/8928\/revisions"}],"wp:attachment":[{"href":"https:\/\/termicasgranell.com\/vc\/wp-json\/wp\/v2\/media?parent=8928"}],"curies":[{"name":"wp","href":"https:\/\/api.w.org\/{rel}","templated":true}]}}