{"id":8937,"date":"2024-10-04T17:15:45","date_gmt":"2024-10-04T15:15:45","guid":{"rendered":"https:\/\/termicasgranell.com\/politica-de-cookies\/"},"modified":"2025-08-04T20:53:10","modified_gmt":"2025-08-04T18:53:10","slug":"politica-de-cookies","status":"publish","type":"page","link":"https:\/\/termicasgranell.com\/vc\/politica-de-cookies\/","title":{"rendered":"Pol\u00edtica de Cookies"},"content":{"rendered":"\t\t<div data-elementor-type=\"wp-page\" data-elementor-id=\"8937\" class=\"elementor elementor-8937 elementor-1930\" data-elementor-post-type=\"page\">\n\t\t\t\t<div class=\"elementor-element elementor-element-65267b80 e-con-full e-flex elementor-repeater-item-default_padding sk-none elementor-repeater-item-none elementor-repeater-item-none_hover e-con e-parent\" data-id=\"65267b80\" data-element_type=\"container\" data-e-type=\"container\" data-settings=\"{&quot;background_background&quot;:&quot;classic&quot;,&quot;ang_container_spacing_size&quot;:&quot;default_padding&quot;}\">\n\t\t\t\t<div class=\"elementor-element elementor-element-3410c444 elementor-repeater-item-none elementor-repeater-item-none_hover elementor-widget elementor-widget-heading\" data-id=\"3410c444\" data-element_type=\"widget\" data-e-type=\"widget\" data-widget_type=\"heading.default\">\n\t\t\t\t<div class=\"elementor-widget-container\">\n\t\t\t\t\t<h2 class=\"elementor-heading-title elementor-size-default\">Pol\u00edtica de cookies<\/h2>\t\t\t\t<\/div>\n\t\t\t\t<\/div>\n\t\t\t\t<\/div>\n\t\t<div class=\"elementor-element elementor-element-23f0441f e-flex e-con-boxed elementor-repeater-item-default_padding elementor-repeater-item-none elementor-repeater-item-none_hover e-con e-parent\" data-id=\"23f0441f\" data-element_type=\"container\" data-e-type=\"container\" data-settings=\"{&quot;ang_container_spacing_size&quot;:&quot;default_padding&quot;}\">\n\t\t\t\t\t<div class=\"e-con-inner\">\n\t\t\t\t<div class=\"elementor-element elementor-element-70053618 elementor-repeater-item-none elementor-repeater-item-none_hover elementor-widget elementor-widget-text-editor\" data-id=\"70053618\" data-element_type=\"widget\" data-e-type=\"widget\" data-widget_type=\"text-editor.default\">\n\t\t\t\t<div class=\"elementor-widget-container\">\n\t\t\t\t\t\t\t\t\t<h5><b>Qu\u00e8 s\u00f3n les cookies?<\/b><\/h5><p> <\/p><p><span style=\"font-weight: 400;\">En angl\u00e8s, el terme \u00abcookie\u00bb significa galeta, per\u00f2 en l\u2019\u00e0mbit de la navegaci\u00f3 web, una \u00abcookie\u00bb \u00e9s quelcom completament diferent. Quan accedeix al nostre lloc web, al navegador del seu dispositiu s\u2019emmagatzema una petita quantitat de text que es denomina \u00abcookie\u00bb. Aquest text cont\u00e9 informaci\u00f3 diversa sobre la seva navegaci\u00f3, h\u00e0bits, prefer\u00e8ncies, personalitzacions de continguts, etc.  <\/span><span style=\"font-weight: 400;\"><br><\/span><span style=\"font-weight: 400;\">Hi ha altres tecnologies que funcionen de manera similar i que tamb\u00e9 s\u2019utilitzen per recopilar dades sobre la teua activitat de navegaci\u00f3. Anomenarem \u00abcookies\u00bb totes aquestes tecnologies en conjunt.<br>Els usos concrets que fem d\u2019aquestes tecnologies es descriuen en aquest document.  <\/span><\/p><p> <\/p><h5><b>Per a qu\u00e8 s\u2019utilitzen les cookies en aquest lloc web?<\/b><\/h5><p> <\/p><p><span style=\"font-weight: 400;\">Les cookies s\u00f3n una part essencial del funcionament del lloc web. L\u2019objectiu principal de les nostres cookies \u00e9s millorar la teua experi\u00e8ncia en la navegaci\u00f3. Per exemple, per recordar les teues prefer\u00e8ncies (idioma, pa\u00eds, etc.) durant la navegaci\u00f3 i en futures visites. La informaci\u00f3 recollida a trav\u00e9s de les cookies tamb\u00e9 ens permet millorar la web, adaptar-la als teus interessos com a usuari, accelerar les cerques que realitzes, etc.   <\/span><span style=\"font-weight: 400;\"><br><\/span><span style=\"font-weight: 400;\">En determinats casos, si hem obtingut el teu consentiment informat previ, podrem utilitzar cookies per a altres usos, com per exemple per obtenir informaci\u00f3 que ens permeta mostrar-te publicitat basada en l\u2019an\u00e0lisi dels teus h\u00e0bits de navegaci\u00f3.<\/span><\/p><p> <\/p><h5><b>Per a qu\u00e8 NO s\u2019utilitzen les cookies en aquest lloc web?<\/b><\/h5><p> <\/p><p><span style=\"font-weight: 400;\">En les cookies que utilitzem no s\u2019emmagatzema informaci\u00f3 sensible d\u2019identificaci\u00f3 personal com el teu nom, adre\u00e7a, contrasenya, etc.<\/span><\/p><p> <\/p><h5><b>\u00bfQui\u00e9n utiliza la informaci\u00f3n almacenada en las cookies?<\/b><\/h5><p> <\/p><p><span style=\"font-weight: 400;\">La informaci\u00f3 emmagatzemada a les cookies del nostre lloc web \u00e9s utilitzada exclusivament per nosaltres, excepte aquelles identificades m\u00e9s endavant com a \u00abcookies de tercers\u00bb, que s\u00f3n utilitzades i gestionades per entitats externes que ens proporcionen serveis que milloren l\u2019experi\u00e8ncia de l\u2019usuari. Per exemple, les estad\u00edstiques que es recullen sobre el nombre de visites, el contingut que m\u00e9s agrada, etc., solen ser gestionades per Google Analytics. <\/span><\/p><p> <\/p><h5><b>Com pots evitar l\u2019\u00fas de cookies en aquest lloc web?<\/b><\/h5><p> <\/p><p><span style=\"font-weight: 400;\">Si prefereixes evitar l\u2019\u00fas de les cookies, pots REBUTJAR-ne l\u2019\u00fas o pots CONFIGURAR quines vols evitar i quines permetes utilitzar (en aquest document et donem informaci\u00f3 ampliada sobre cada tipus de cookie, la seua finalitat, destinatari, temporalitat, etc.).<\/span><span style=\"font-weight: 400;\"><br><\/span><span style=\"font-weight: 400;\">Si les has acceptades, no tornarem a preguntar-te tret que esb\u00f3rres les cookies del teu dispositiu, tal com s\u2019indica a l\u2019apartat seg\u00fcent. Si vols revocar el consentiment, haur\u00e0s d\u2019eliminar les cookies i tornar a configurar-les. <\/span><\/p><p> <\/p><h5><b>Com deshabilitar i eliminar l\u2019\u00fas de cookies?<\/b><\/h5><p> <\/p><p><span style=\"font-weight: 400;\">El Titular mostra informaci\u00f3 sobre la seua Pol\u00edtica de cookies en el banner de cookies accessible a totes les p\u00e0gines del lloc web. El banner de cookies mostra informaci\u00f3 essencial sobre el tractament de dades i permet a l\u2019Usuari realitzar les seg\u00fcents accions:<br><br> <\/span><\/p><ul><li style=\"font-weight: 400;\" aria-level=\"1\"><span style=\"font-weight: 400;\">ACEPTAR o REBUTJAR la instal\u00b7laci\u00f3 de cookies, o retirar el consentiment pr\u00e8viament concedit.<\/span><\/li><li style=\"font-weight: 400;\" aria-level=\"1\"><span style=\"font-weight: 400;\">Canviar les prefer\u00e8ncies de cookies des de la p\u00e0gina Personalitzar Cookies, a la qual pots accedir des de l\u2019Avis de Cookies o des de la p\u00e0gina de Personalitzar Cookies.<\/span><\/li><li style=\"font-weight: 400;\" aria-level=\"1\"><span style=\"font-weight: 400;\">Obtenir informaci\u00f3 addicional a la p\u00e0gina de Pol\u00edtica de Cookies.<\/span><\/li><\/ul><p><span style=\"font-weight: 400;\">Per a restringir, bloquejar o esborrar les cookies d\u2019aquest lloc web (i les utilitzades per tercers), pots fer-ho en qualsevol moment modificant la configuraci\u00f3 del teu navegador. Tingues en compte que aquesta configuraci\u00f3 \u00e9s diferent en cada navegador. Als enlla\u00e7os seg\u00fcents trobar\u00e0s instruccions per habilitar o deshabilitar les cookies als navegadors m\u00e9s comuns.  <\/span><\/p><ul><li style=\"font-weight: 400;\" aria-level=\"1\"><span style=\"font-weight: 400;\">Firefox<\/span><\/li><li style=\"font-weight: 400;\" aria-level=\"1\"><span style=\"font-weight: 400;\">Google Chrome<\/span><\/li><li style=\"font-weight: 400;\" aria-level=\"1\"><span style=\"font-weight: 400;\">Internet Explorer<\/span><\/li><li style=\"font-weight: 400;\" aria-level=\"1\"><span style=\"font-weight: 400;\">Microsoft Edge<\/span><\/li><li style=\"font-weight: 400;\" aria-level=\"1\"><span style=\"font-weight: 400;\">Safari<\/span><\/li><\/ul><p> <\/p><h2><span style=\"font-weight: 400;\">Quins tipus de cookies s\u2019utilitzen en aquesta p\u00e0gina web?<\/span><\/h2><p><span style=\"font-weight: 400;\">Cada p\u00e0gina web utilitza les seues pr\u00f2pies cookies. A la nostra web utilitzem les que s\u2019indiquen a continuaci\u00f3: <\/span><\/p><p><span style=\"font-weight: 400;\"> <\/span><span style=\"font-weight: 400;\">Segons l&#8217;entitat que ho gestiona<\/span><\/p><h5><b>Galetes pr\u00f2pies<br><br><br><\/b><\/h5><p> <\/p><p><span style=\"font-weight: 400;\">S\u00f3n aquelles que s\u2019envien a l\u2019equip terminal de l\u2019Usuari des d\u2019un equip o domini gestionat pel mateix editor i des del qual es presta el servei sol\u00b7licitat per l\u2019Usuari.<\/span><\/p><h5><b>Galetes de tercers<\/b><\/h5><p> <\/p><p><span style=\"font-weight: 400;\">S\u00f3n aquelles que s\u2019envien a l\u2019equip terminal de l\u2019Usuari des d\u2019un equip o domini que no \u00e9s gestionat per l\u2019editor, sin\u00f3 per una altra entitat que tracta les dades obtingudes a trav\u00e9s de les galetes. En el cas que les galetes siguen servides des d\u2019un equip o domini gestionat pel mateix editor, per\u00f2 la informaci\u00f3 que es reculla mitjan\u00e7ant aquestes siga gestionada per un tercer, no poden ser considerades com a galetes pr\u00f2pies si el tercer les utilitza per a les seues pr\u00f2pies finalitats (per exemple, la millora dels serveis que presta o la prestaci\u00f3 de serveis de car\u00e0cter publicitari a favor d\u2019altres entitats). <\/span><\/p><h2><span style=\"font-weight: 400;\">Segons la seua finalitat.<\/span><\/h2><h5><b>Galetes t\u00e8cniques.<\/b><\/h5><p> <\/p><p><span style=\"font-weight: 400;\">S\u00f3n aquelles necess\u00e0ries per a la navegaci\u00f3 i el bon funcionament del nostre Lloc Web, com per exemple, controlar el tr\u00e0nsit i la comunicaci\u00f3 de dades, identificar la sessi\u00f3, accedir a parts d&#8217;acc\u00e9s restringit, realitzar la sol\u00b7licitud d\u2019inscripci\u00f3 o participaci\u00f3 en un esdeveniment, comptar visites a efectes de la facturaci\u00f3 de llic\u00e8ncies del programari amb qu\u00e8 funciona el servei del Lloc Web, utilitzar elements de seguretat durant la navegaci\u00f3, emmagatzemar continguts per a la difusi\u00f3 de v\u00eddeos o so, habilitar continguts din\u00e0mics (per exemple, animaci\u00f3 de c\u00e0rrega d\u2019un text o imatge).<\/span><\/p><h5><b>Galetes d\u2019an\u00e0lisi:<\/b><\/h5><p> <\/p><p><span style=\"font-weight: 400;\">Permeten quantificar el nombre d\u2019usuaris i aix\u00ed realitzar la mesura i an\u00e0lisi estad\u00edstica de la utilitzaci\u00f3 que fan els usuaris del Lloc Web.<\/span><\/p><h5><b>Galetes de prefer\u00e8ncies o personalitzaci\u00f3.<\/b><\/h5><p> <\/p><p><span style=\"font-weight: 400;\">S\u00f3n aquelles que permeten recordar informaci\u00f3 perqu\u00e8 l\u2019Usuari accedisca al servei amb determinades caracter\u00edstiques que poden diferenciar la seua experi\u00e8ncia de la d\u2019altres usuaris, com ara l\u2019idioma, el nombre de resultats a mostrar quan l\u2019Usuari realitza una cerca, l\u2019aspecte o el contingut del servei en funci\u00f3 del tipus de navegador a trav\u00e9s del qual accedix al servei o de la regi\u00f3 des d\u2019on accedix al servei, etc.<\/span><\/p><h5><b>Publicit\u00e0ries de comportament.<\/b><\/h5><p> <\/p><p><span style=\"font-weight: 400;\">S\u00f3n aquelles que, tractades per nosaltres o per tercers, permeten analitzar els seus h\u00e0bits de navegaci\u00f3 en Internet per a poder mostrar-li publicitat relacionada amb el seu perfil de navegaci\u00f3.<\/span><\/p><h2><span style=\"font-weight: 400;\">SEG\u00daN EL PLAZO DE TIEMPO QUE PERMANECEN ACTIVADAS<\/span><\/h2><p> <\/p><h5><b>Galetes de sessi\u00f3.<\/b><\/h5><p> <\/p><p><span style=\"font-weight: 400;\">S\u00f3n aquelles dissenyades per a recollir i emmagatzemar dades mentre l\u2019Usuari accedix a una p\u00e0gina web.<\/span><span style=\"font-weight: 400;\"><br><\/span><span style=\"font-weight: 400;\">Solen emprar-se per a emmagatzemar informaci\u00f3 que nom\u00e9s interessa conservar per a la prestaci\u00f3 del servei sol\u00b7licitat per l\u2019Usuari en una sola ocasi\u00f3 (per exemple, una llista de productes adquirits) i desapareixen en acabar la sessi\u00f3.<\/span><\/p><h5><b>Galetes persistents.<\/b><\/h5><p> <\/p><p><span style=\"font-weight: 400;\">S\u00f3n aquelles en qu\u00e8 les dades continuen emmagatzemades en el terminal i poden ser accedides i tractades durant un per\u00edode definit pel responsable de la galeta, que pot anar des d\u2019uns minuts fins a diversos anys. En aquest sentit, cal valorar espec\u00edficament si \u00e9s necess\u00e0ria la utilitzaci\u00f3 de galetes persistents, ja que els riscos per a la privacitat podrien reduir-se mitjan\u00e7ant la utilitzaci\u00f3 de galetes de sessi\u00f3. En qualsevol cas, quan s\u2019instal\u00b7len galetes persistents, es recomana reduir al m\u00ednim necessari la seua duraci\u00f3 temporal, atenent a la finalitat del seu \u00fas. A aquests efectes, l\u2019Informe 4\/2012 del GT29 va indicar que, perqu\u00e8 una galeta puga estar exempta del deure de consentiment informat, la seua caducitat ha d\u2019estar relacionada amb la seua finalitat. Per aix\u00f2, \u00e9s molt m\u00e9s probable que es consideren com a exemptes les galetes de sessi\u00f3 que no les persistents.    <\/span><\/p><h2><span style=\"font-weight: 400;\">Detall de les galetes utilitzades en aquest lloc web:<\/span><\/h2><p><span style=\"font-weight: 400;\">tk_ai<\/span><span style=\"font-weight: 400;\"><br><\/span><span style=\"font-weight: 400;\">_ga<\/span><span style=\"font-weight: 400;\"><br><\/span><span style=\"font-weight: 400;\">wordpress_test_cookie<\/span><span style=\"font-weight: 400;\"><br><\/span><span style=\"font-weight: 400;\">et-editor-available-post-2367-bb<\/span><span style=\"font-weight: 400;\"><br><\/span><span style=\"font-weight: 400;\">wp-settings-*<\/span><\/p>\t\t\t\t\t\t\t\t<\/div>\n\t\t\t\t<\/div>\n\t\t\t\t\t<\/div>\n\t\t\t\t<\/div>\n\t\t\t\t<\/div>\n\t\t","protected":false},"excerpt":{"rendered":"<p>Pol\u00edtica de cookies Qu\u00e8 s\u00f3n les cookies? En angl\u00e8s, el terme \u00abcookie\u00bb significa galeta, per\u00f2 en l\u2019\u00e0mbit de la navegaci\u00f3 web, una \u00abcookie\u00bb \u00e9s quelcom completament diferent. Quan accedeix al nostre lloc web, al navegador del seu dispositiu s\u2019emmagatzema una petita quantitat de text que es denomina \u00abcookie\u00bb. Aquest text cont\u00e9 informaci\u00f3 diversa sobre la &#8230; <a title=\"Pol\u00edtica de Cookies\" class=\"read-more\" href=\"https:\/\/termicasgranell.com\/vc\/politica-de-cookies\/\" aria-label=\"Read more about Pol\u00edtica de Cookies\">Read more<\/a><\/p>\n","protected":false},"author":3,"featured_media":0,"parent":0,"menu_order":0,"comment_status":"closed","ping_status":"closed","template":"elementor_header_footer","meta":{"footnotes":""},"class_list":["post-8937","page","type-page","status-publish"],"yoast_head":"<!-- This site is optimized with the Yoast SEO plugin v27.4 - https:\/\/yoast.com\/product\/yoast-seo-wordpress\/ -->\n<title>Pol\u00edtica de Cookies | Instalaci\u00f3n, Reparaci\u00f3n y Mantenimiento de Calderas<\/title>\n<meta name=\"description\" content=\"Servicios integrales de calderas: instalaci\u00f3n, reparaci\u00f3n y mantenimiento en Valencia con t\u00e9cnicos oficiales Beretta. Garant\u00eda, eficiencia y calidad profesional.\" \/>\n<meta name=\"robots\" content=\"index, follow, max-snippet:-1, max-image-preview:large, max-video-preview:-1\" \/>\n<link rel=\"canonical\" href=\"https:\/\/termicasgranell.com\/vc\/politica-de-cookies\/\" \/>\n<meta property=\"og:locale\" content=\"en_US\" \/>\n<meta property=\"og:type\" content=\"article\" \/>\n<meta property=\"og:title\" content=\"Pol\u00edtica de Cookies | Instalaci\u00f3n, Reparaci\u00f3n y Mantenimiento de Calderas\" \/>\n<meta property=\"og:description\" content=\"Servicios integrales de calderas: instalaci\u00f3n, reparaci\u00f3n y mantenimiento en Valencia con t\u00e9cnicos oficiales Beretta. Garant\u00eda, eficiencia y calidad profesional.\" \/>\n<meta property=\"og:url\" content=\"https:\/\/termicasgranell.com\/vc\/politica-de-cookies\/\" \/>\n<meta property=\"og:site_name\" content=\"TERMICAS GRANELL SL\" \/>\n<meta property=\"article:modified_time\" content=\"2025-08-04T18:53:10+00:00\" \/>\n<meta name=\"twitter:card\" content=\"summary_large_image\" \/>\n<meta name=\"twitter:label1\" content=\"Est. reading time\" \/>\n\t<meta name=\"twitter:data1\" content=\"7 minutes\" \/>\n<script type=\"application\/ld+json\" class=\"yoast-schema-graph\">{\"@context\":\"https:\\\/\\\/schema.org\",\"@graph\":[{\"@type\":\"WebPage\",\"@id\":\"https:\\\/\\\/termicasgranell.com\\\/vc\\\/politica-de-cookies\\\/\",\"url\":\"https:\\\/\\\/termicasgranell.com\\\/vc\\\/politica-de-cookies\\\/\",\"name\":\"Pol\u00edtica de Cookies | Instalaci\u00f3n, Reparaci\u00f3n y Mantenimiento de Calderas\",\"isPartOf\":{\"@id\":\"https:\\\/\\\/b97984223.es\\\/vc\\\/#website\"},\"datePublished\":\"2024-10-04T15:15:45+00:00\",\"dateModified\":\"2025-08-04T18:53:10+00:00\",\"description\":\"Servicios integrales de calderas: instalaci\u00f3n, reparaci\u00f3n y mantenimiento en Valencia con t\u00e9cnicos oficiales Beretta. Garant\u00eda, eficiencia y calidad profesional.\",\"breadcrumb\":{\"@id\":\"https:\\\/\\\/termicasgranell.com\\\/vc\\\/politica-de-cookies\\\/#breadcrumb\"},\"inLanguage\":\"vc-ES\",\"potentialAction\":[{\"@type\":\"ReadAction\",\"target\":[\"https:\\\/\\\/termicasgranell.com\\\/vc\\\/politica-de-cookies\\\/\"]}]},{\"@type\":\"BreadcrumbList\",\"@id\":\"https:\\\/\\\/termicasgranell.com\\\/vc\\\/politica-de-cookies\\\/#breadcrumb\",\"itemListElement\":[{\"@type\":\"ListItem\",\"position\":1,\"name\":\"Portada\",\"item\":\"https:\\\/\\\/b97984223.es\\\/vc\\\/\"},{\"@type\":\"ListItem\",\"position\":2,\"name\":\"Pol\u00edtica de Cookies\"}]},{\"@type\":\"WebSite\",\"@id\":\"https:\\\/\\\/b97984223.es\\\/vc\\\/#website\",\"url\":\"https:\\\/\\\/b97984223.es\\\/vc\\\/\",\"name\":\"TERMICAS GRANELL SL\",\"description\":\"Expertos en  Calderas, reparaci\u00f3n y mantenimiento.\",\"publisher\":{\"@id\":\"https:\\\/\\\/b97984223.es\\\/vc\\\/#organization\"},\"potentialAction\":[{\"@type\":\"SearchAction\",\"target\":{\"@type\":\"EntryPoint\",\"urlTemplate\":\"https:\\\/\\\/b97984223.es\\\/vc\\\/?s={search_term_string}\"},\"query-input\":{\"@type\":\"PropertyValueSpecification\",\"valueRequired\":true,\"valueName\":\"search_term_string\"}}],\"inLanguage\":\"vc-ES\"},{\"@type\":\"Organization\",\"@id\":\"https:\\\/\\\/b97984223.es\\\/vc\\\/#organization\",\"name\":\"TERMICAS GRANELL SL\",\"url\":\"https:\\\/\\\/b97984223.es\\\/vc\\\/\",\"logo\":{\"@type\":\"ImageObject\",\"inLanguage\":\"vc-ES\",\"@id\":\"https:\\\/\\\/b97984223.es\\\/vc\\\/#\\\/schema\\\/logo\\\/image\\\/\",\"url\":\"https:\\\/\\\/termicasgranell.com\\\/wp-content\\\/uploads\\\/sites\\\/366\\\/2025\\\/03\\\/cropped-logotipo-comercial-calderas-hvac-atraer-clientes-residenciales-alto-nivel_740796-10.avif\",\"contentUrl\":\"https:\\\/\\\/termicasgranell.com\\\/wp-content\\\/uploads\\\/sites\\\/366\\\/2025\\\/03\\\/cropped-logotipo-comercial-calderas-hvac-atraer-clientes-residenciales-alto-nivel_740796-10.avif\",\"width\":221,\"height\":230,\"caption\":\"TERMICAS GRANELL SL\"},\"image\":{\"@id\":\"https:\\\/\\\/b97984223.es\\\/vc\\\/#\\\/schema\\\/logo\\\/image\\\/\"}}]}<\/script>\n<!-- \/ Yoast SEO plugin. -->","yoast_head_json":{"title":"Pol\u00edtica de Cookies | Instalaci\u00f3n, Reparaci\u00f3n y Mantenimiento de Calderas","description":"Servicios integrales de calderas: instalaci\u00f3n, reparaci\u00f3n y mantenimiento en Valencia con t\u00e9cnicos oficiales Beretta. Garant\u00eda, eficiencia y calidad profesional.","robots":{"index":"index","follow":"follow","max-snippet":"max-snippet:-1","max-image-preview":"max-image-preview:large","max-video-preview":"max-video-preview:-1"},"canonical":"https:\/\/termicasgranell.com\/vc\/politica-de-cookies\/","og_locale":"en_US","og_type":"article","og_title":"Pol\u00edtica de Cookies | Instalaci\u00f3n, Reparaci\u00f3n y Mantenimiento de Calderas","og_description":"Servicios integrales de calderas: instalaci\u00f3n, reparaci\u00f3n y mantenimiento en Valencia con t\u00e9cnicos oficiales Beretta. Garant\u00eda, eficiencia y calidad profesional.","og_url":"https:\/\/termicasgranell.com\/vc\/politica-de-cookies\/","og_site_name":"TERMICAS GRANELL SL","article_modified_time":"2025-08-04T18:53:10+00:00","twitter_card":"summary_large_image","twitter_misc":{"Est. reading time":"7 minutes"},"schema":{"@context":"https:\/\/schema.org","@graph":[{"@type":"WebPage","@id":"https:\/\/termicasgranell.com\/vc\/politica-de-cookies\/","url":"https:\/\/termicasgranell.com\/vc\/politica-de-cookies\/","name":"Pol\u00edtica de Cookies | Instalaci\u00f3n, Reparaci\u00f3n y Mantenimiento de Calderas","isPartOf":{"@id":"https:\/\/b97984223.es\/vc\/#website"},"datePublished":"2024-10-04T15:15:45+00:00","dateModified":"2025-08-04T18:53:10+00:00","description":"Servicios integrales de calderas: instalaci\u00f3n, reparaci\u00f3n y mantenimiento en Valencia con t\u00e9cnicos oficiales Beretta. Garant\u00eda, eficiencia y calidad profesional.","breadcrumb":{"@id":"https:\/\/termicasgranell.com\/vc\/politica-de-cookies\/#breadcrumb"},"inLanguage":"vc-ES","potentialAction":[{"@type":"ReadAction","target":["https:\/\/termicasgranell.com\/vc\/politica-de-cookies\/"]}]},{"@type":"BreadcrumbList","@id":"https:\/\/termicasgranell.com\/vc\/politica-de-cookies\/#breadcrumb","itemListElement":[{"@type":"ListItem","position":1,"name":"Portada","item":"https:\/\/b97984223.es\/vc\/"},{"@type":"ListItem","position":2,"name":"Pol\u00edtica de Cookies"}]},{"@type":"WebSite","@id":"https:\/\/b97984223.es\/vc\/#website","url":"https:\/\/b97984223.es\/vc\/","name":"TERMICAS GRANELL SL","description":"Expertos en  Calderas, reparaci\u00f3n y mantenimiento.","publisher":{"@id":"https:\/\/b97984223.es\/vc\/#organization"},"potentialAction":[{"@type":"SearchAction","target":{"@type":"EntryPoint","urlTemplate":"https:\/\/b97984223.es\/vc\/?s={search_term_string}"},"query-input":{"@type":"PropertyValueSpecification","valueRequired":true,"valueName":"search_term_string"}}],"inLanguage":"vc-ES"},{"@type":"Organization","@id":"https:\/\/b97984223.es\/vc\/#organization","name":"TERMICAS GRANELL SL","url":"https:\/\/b97984223.es\/vc\/","logo":{"@type":"ImageObject","inLanguage":"vc-ES","@id":"https:\/\/b97984223.es\/vc\/#\/schema\/logo\/image\/","url":"https:\/\/termicasgranell.com\/wp-content\/uploads\/sites\/366\/2025\/03\/cropped-logotipo-comercial-calderas-hvac-atraer-clientes-residenciales-alto-nivel_740796-10.avif","contentUrl":"https:\/\/termicasgranell.com\/wp-content\/uploads\/sites\/366\/2025\/03\/cropped-logotipo-comercial-calderas-hvac-atraer-clientes-residenciales-alto-nivel_740796-10.avif","width":221,"height":230,"caption":"TERMICAS GRANELL SL"},"image":{"@id":"https:\/\/b97984223.es\/vc\/#\/schema\/logo\/image\/"}}]}},"_links":{"self":[{"href":"https:\/\/termicasgranell.com\/vc\/wp-json\/wp\/v2\/pages\/8937","targetHints":{"allow":["GET"]}}],"collection":[{"href":"https:\/\/termicasgranell.com\/vc\/wp-json\/wp\/v2\/pages"}],"about":[{"href":"https:\/\/termicasgranell.com\/vc\/wp-json\/wp\/v2\/types\/page"}],"author":[{"embeddable":true,"href":"https:\/\/termicasgranell.com\/vc\/wp-json\/wp\/v2\/users\/3"}],"replies":[{"embeddable":true,"href":"https:\/\/termicasgranell.com\/vc\/wp-json\/wp\/v2\/comments?post=8937"}],"version-history":[{"count":0,"href":"https:\/\/termicasgranell.com\/vc\/wp-json\/wp\/v2\/pages\/8937\/revisions"}],"wp:attachment":[{"href":"https:\/\/termicasgranell.com\/vc\/wp-json\/wp\/v2\/media?parent=8937"}],"curies":[{"name":"wp","href":"https:\/\/api.w.org\/{rel}","templated":true}]}}